{"id":2,"date":"2025-07-02T18:30:40","date_gmt":"2025-07-02T16:30:40","guid":{"rendered":"https:\/\/blogs.amarinha.gal\/godoteires\/?page_id=2"},"modified":"2025-07-03T12:28:38","modified_gmt":"2025-07-03T10:28:38","slug":"quenes-somos","status":"publish","type":"page","link":"https:\/\/blogs.amarinha.gal\/godoteires\/quenes-somos\/","title":{"rendered":"Quenes somos e os nosos fins"},"content":{"rendered":"\n<p>A Asociaci\u00f3n Godoteires \u00e9 unha asociaci\u00f3n galega, reci\u00e9n constituida, de xente interesada en aprender, crear e disfrutar empregando o motor Godot. Independientemente do nivel de co\u00f1ecemento ou experiencia creando videoxogos.<\/p>\n\n\n\n<p>En Godoteires construimos unha comunidade inclusiva ao redor do motor Godot cunha serie de fins que marcan a nosa visi\u00f3n tanto deste motor como dos videoxogos e do asociacionismo na nosa terra. Estes fins son:<\/p>\n\n\n\n<p>Ao contrario do interese xeral do avance da creaci\u00f3n de videoxogos a nivel global seguindo modelos comerciais que non respetan nin aos creadores nin aos xogadores tratando os videoxogos como meros produtos, avogamos pola democratizaci\u00f3n da creaci\u00f3n de videoxogos dende a s\u00faa vertente m\u00e1is art\u00edstica, l\u00fadica e creativa.<\/p>\n\n\n\n<p>Respetando e defendendo a pluralidade da sociedade galega, aspiramos a converternos nun punto inclusivo de referencia en Galicia do motor de creaci\u00f3n de videoxogos Godot. Godot xoga un papel moi relevante na democratizaci\u00f3n ao acceso \u00e1 creaci\u00f3n de videoxogos gracias a s\u00faa licencia aberta, motivo polo cal dende a nosa asociaci\u00f3n tam\u00e9n se promover\u00e1 o uso de software libre.<\/p>\n\n\n\n<p>O acceso a ferramentas tecnol\u00f3xicas, inclu\u00eddo o propio Godot, \u00e9 vital para o achegamento \u00e1 xente \u00e1 creaci\u00f3n de videoxogos, polo que un dos fins da asociaci\u00f3n \u00e9 promover a creaci\u00f3n, traduci\u00f3n e difusi\u00f3n de documentaci\u00f3n e material audiovisual en galego relacionado con estas ferramentas. Sendo conscientes da dificultade de atopar xogos en galego, motivo de preocupaci\u00f3n tam\u00e9n da asociaci\u00f3n, esta solidar\u00edzase coas creaci\u00f3ns en linguas minorizadas, que ser\u00e1n de especial atenci\u00f3n.<\/p>\n\n\n\n<p>Para levar a cabo estes fins, realizaremos encontros presenciais, telem\u00e1ticos ou en modalidade mixta relacionados con calqueira dos fins expostos neste texto. Nestes encontros organizados pola asociaci\u00f3n, levaranse a cabo faladoiros, obradoiros ou mostras de traballo, entre outras actividades. (Estes encontros poden ser parte doutras actividades, xornadas ou eventos non organizados directamente pola asociaci\u00f3n).<\/p>\n\n\n\n<p>Tam\u00e9n na li\u00f1a dos seus fins, a asociaci\u00f3n difundir\u00e1, mediante artigos ou bolet\u00edns, xogos en Godot feitos en Galicia ou\/en galego, as\u00ed como en linguas minorizadas. Adem\u00e1is de poder elaborar distinci\u00f3n honor\u00edficas para premiar creaci\u00f3ns de interese para as persoas socias ou de interese para a sociedade.<\/p>\n\n\n\n<p>Por \u00faltimo, entendendo as Game Jams como retos que motivan a creatividade, convocaremos esta clase de certames ali\u00f1\u00e1ndose cos fins descritos.<\/p>\n","protected":false},"excerpt":{"rendered":"<p>A Asociaci\u00f3n Godoteires \u00e9 unha asociaci\u00f3n galega, reci\u00e9n constituida, de xente interesada en aprender, crear e disfrutar empregando o motor Godot. Independientemente do nivel de co\u00f1ecemento ou experiencia creando videoxogos. En Godoteires construimos unha comunidade inclusiva ao redor do motor Godot cunha serie de fins que marcan a nosa visi\u00f3n tanto deste motor como dos [&hellip;]<\/p>\n","protected":false},"author":10,"featured_media":0,"parent":0,"menu_order":0,"comment_status":"closed","ping_status":"open","template":"","meta":{"footnotes":""},"class_list":["post-2","page","type-page","status-publish","hentry"],"_links":{"self":[{"href":"https:\/\/blogs.amarinha.gal\/godoteires\/wp-json\/wp\/v2\/pages\/2","targetHints":{"allow":["GET"]}}],"collection":[{"href":"https:\/\/blogs.amarinha.gal\/godoteires\/wp-json\/wp\/v2\/pages"}],"about":[{"href":"https:\/\/blogs.amarinha.gal\/godoteires\/wp-json\/wp\/v2\/types\/page"}],"author":[{"embeddable":true,"href":"https:\/\/blogs.amarinha.gal\/godoteires\/wp-json\/wp\/v2\/users\/10"}],"replies":[{"embeddable":true,"href":"https:\/\/blogs.amarinha.gal\/godoteires\/wp-json\/wp\/v2\/comments?post=2"}],"version-history":[{"count":1,"href":"https:\/\/blogs.amarinha.gal\/godoteires\/wp-json\/wp\/v2\/pages\/2\/revisions"}],"predecessor-version":[{"id":14,"href":"https:\/\/blogs.amarinha.gal\/godoteires\/wp-json\/wp\/v2\/pages\/2\/revisions\/14"}],"wp:attachment":[{"href":"https:\/\/blogs.amarinha.gal\/godoteires\/wp-json\/wp\/v2\/media?parent=2"}],"curies":[{"name":"wp","href":"https:\/\/api.w.org\/{rel}","templated":true}]}}